{"id":2580,"date":"2021-12-23T13:58:39","date_gmt":"2021-12-23T12:58:39","guid":{"rendered":"https:\/\/www.biopole-clermont.com\/syndicat-mixte-ouvert-biopole-clermont-limagne\/"},"modified":"2024-09-26T14:53:25","modified_gmt":"2024-09-26T12:53:25","slug":"syndicat-mixte-ouvert-biopole-clermont-limagne","status":"publish","type":"page","link":"https:\/\/www.biopole-clermont.com\/en\/syndicat-mixte-ouvert-biopole-clermont-limagne\/","title":{"rendered":"SMO Biop\u00f4le Clermont-Limagne &#8211; Unrestricted-Public-Sector Association"},"content":{"rendered":"<div class=\"wpb-content-wrapper\"><p>[vc_row][vc_column][vc_column_text]The SMO Biop\u00f4le Clermont-Limagne brings together the 2 local authorities involved in the sites of the Biopole Clermont-Limagne:<\/p>\n<ul>\n<li>Clermont Auvergne M\u00e9tropole (Clermont-Ferrand site),<\/li>\n<li>Riom Limagne et Volcans (Saint-Beauzire and Riom sites),<\/li>\n<\/ul>\n<p>as well as the Chamber of Commerce and Industry of Puy-de-Do\u0302me Clermont Auvergne M\u00e9tropole.<\/p>\n<p>The SMO is in charge of the real estate assets and marketing.\u00a0 It also takes care of the science park duties:\u00a0 coordination, promotion and support to businesses.<\/p>\n<p>The financing and governance of the Biop\u00f4le Clermont-Limagne are shared between the three members of the association.\u00a0 They come together on a Committee which decides and settles the matters of the SMO through its deliberations.[\/vc_column_text][\/vc_column][\/vc_row][vc_row][vc_column][vc_column_text]<\/p>\n<h2>Budget Documents and Committee Minutes<\/h2>\n<p>The budget orientation reports, budgets and administrative accounts, as well as the reports of the committee meetings are available in French on <a href=\"https:\/\/www.biopole-clermont.com\/syndicat-mixte-ouvert-biopole-clermont-limagne\/\">the French version of this page.<\/a>[\/vc_column_text][\/vc_column][\/vc_row][vc_row][vc_column width=&#8221;2\/3&#8243;][vc_column_text]<\/p>\n<h2 style=\"text-align: justify;\">Composition of the Committee<\/h2>\n<p>[\/vc_column_text][vc_column_text css=&#8221;&#8221;]<\/p>\n<table style=\"border-collapse: collapse; width: 100%; height: 315px;\">\n<tbody>\n<tr style=\"height: 120px;\">\n<td style=\"width: 33.3333%; height: 120px;\"><img decoding=\"async\" class=\"alignnone wp-image-930\" src=\"https:\/\/www.biopole-clermont.com\/wp-content\/uploads\/2021\/10\/logo-clermont-auvergne-metropole.png\" alt=\"\" width=\"170\" height=\"113\" \/><\/td>\n<td style=\"width: 33.3333%; height: 120px;\"><strong>Full members<\/strong><br \/>\nJean-Marc Morvan<br \/>\nHenri Gisselbrecht<br \/>\nLucie Mizoule<br \/>\nJean-Marie Vallee<br \/>\nSylvie Viera Di Nallo<\/td>\n<td style=\"width: 33.3333%; height: 120px;\"><strong>Alternates<\/strong><br \/>\nNicolas Bonnet<br \/>\nSylvain Casildas<br \/>\nJ\u00e9r\u00f4me Auslander<br \/>\nAlexis Blondeau<br \/>\nWendy Lafaye<\/td>\n<\/tr>\n<tr style=\"height: 120px;\">\n<td style=\"width: 33.3333%; height: 120px;\"><img decoding=\"async\" class=\"alignnone wp-image-932\" src=\"https:\/\/www.biopole-clermont.com\/wp-content\/uploads\/2021\/10\/logo-riom-limagne-et-volcans-585x214.png\" alt=\"\" width=\"170\" height=\"63\" srcset=\"https:\/\/www.biopole-clermont.com\/wp-content\/uploads\/2021\/10\/logo-riom-limagne-et-volcans-585x220.png 585w, https:\/\/www.biopole-clermont.com\/wp-content\/uploads\/2021\/10\/logo-riom-limagne-et-volcans.png 601w\" sizes=\"(max-width: 170px) 100vw, 170px\" \/><\/td>\n<td style=\"width: 33.3333%; height: 120px;\"><strong>Full members<\/strong><br \/>\nFr\u00e9d\u00e9ric Bonnichon<br \/>\nPierre Pecoul<br \/>\nJean-Paul Faure<br \/>\nJean-Pierre Hebrard<br \/>\nDenis Dain<\/td>\n<td style=\"width: 33.3333%; height: 120px;\"><strong>Alternates<\/strong><br \/>\nAndr\u00e9 Magnoux<br \/>\nChristian Dauzat<br \/>\nCaroline Poulet<br \/>\nPatrice Gauthier<br \/>\nBoris Bouchet<\/td>\n<\/tr>\n<tr style=\"height: 51px;\">\n<td style=\"width: 33.3333%; height: 51px;\"><img decoding=\"async\" class=\"alignnone wp-image-934\" src=\"https:\/\/www.biopole-clermont.com\/wp-content\/uploads\/2021\/10\/logo-cci-puy-de-dome-585x143.png\" alt=\"Logo CCI Puy-de-D\u00f4me\" width=\"200\" height=\"48\" srcset=\"https:\/\/www.biopole-clermont.com\/wp-content\/uploads\/2021\/10\/logo-cci-puy-de-dome-585x143.png 585w, https:\/\/www.biopole-clermont.com\/wp-content\/uploads\/2021\/10\/logo-cci-puy-de-dome-768x187.png 768w, https:\/\/www.biopole-clermont.com\/wp-content\/uploads\/2021\/10\/logo-cci-puy-de-dome.png 902w\" sizes=\"(max-width: 200px) 100vw, 200px\" \/><\/td>\n<td style=\"width: 33.3333%; height: 51px;\"><strong>Full member<\/strong><br \/>\nEric Portier<\/td>\n<td style=\"width: 33.3333%; height: 51px;\"><strong>Alternate<\/strong><br \/>\nBernard Villata<\/td>\n<\/tr>\n<\/tbody>\n<\/table>\n<p>[\/vc_column_text][\/vc_column][vc_column width=&#8221;1\/3&#8243;][\/vc_column][\/vc_row][vc_row][vc_column width=&#8221;1\/2&#8243;][vc_column_text]<\/p>\n<h2 style=\"text-align: justify;\">Composition of the Bureau<\/h2>\n<p>[\/vc_column_text][vc_column_text css=&#8221;&#8221;]<\/p>\n<table style=\"border-collapse: collapse; width: 100%;\">\n<tbody>\n<tr>\n<td style=\"width: 50%;\">Eric Portier<\/td>\n<td style=\"width: 50%;\">Pr\u00e9sident<\/td>\n<\/tr>\n<tr>\n<td style=\"width: 50%;\">Jean-Marc Morvan<\/td>\n<td style=\"width: 50%;\">Vice-Pr\u00e9sident<\/td>\n<\/tr>\n<tr>\n<td style=\"width: 50%;\">Pierre Pecoul<\/td>\n<td style=\"width: 50%;\">Vice-Pr\u00e9sident<\/td>\n<\/tr>\n<\/tbody>\n<\/table>\n<p>[\/vc_column_text][\/vc_column][vc_column width=&#8221;1\/2&#8243;][\/vc_column][\/vc_row]<\/p>\n<\/div>","protected":false},"excerpt":{"rendered":"<p>[vc_row][vc_column][vc_column_text]The SMO Biop\u00f4le Clermont-Limagne brings together the 2 local authorities involved in the sites of the Biopole Clermont-Limagne: Clermont Auvergne M\u00e9tropole (Clermont-Ferrand site), Riom Limagne et Volcans (Saint-Beauzire and Riom sites), as well as the Chamber of Commerce and Industry of Puy-de-Do\u0302me Clermont Auvergne M\u00e9tropole. The SMO is in charge of the real estate assets [&hellip;]<\/p>\n","protected":false},"author":1,"featured_media":0,"parent":0,"menu_order":0,"comment_status":"closed","ping_status":"closed","template":"","meta":{"_acf_changed":false,"footnotes":""},"class_list":["post-2580","page","type-page","status-publish","hentry"],"acf":[],"yoast_head":"<!-- This site is optimized with the Yoast SEO plugin v27.2 - https:\/\/yoast.com\/product\/yoast-seo-wordpress\/ -->\n<title>SMO Biop\u00f4le Clermont-Limagne - Unrestricted-Public-Sector Association - Biop\u00f4le Clermont-Limagne<\/title>\n<meta name=\"robots\" content=\"index, follow, max-snippet:-1, max-image-preview:large, max-video-preview:-1\" \/>\n<link rel=\"canonical\" href=\"https:\/\/www.biopole-clermont.com\/en\/syndicat-mixte-ouvert-biopole-clermont-limagne\/\" \/>\n<meta property=\"og:locale\" content=\"en_US\" \/>\n<meta property=\"og:type\" content=\"article\" \/>\n<meta property=\"og:title\" content=\"SMO Biop\u00f4le Clermont-Limagne - Unrestricted-Public-Sector Association - Biop\u00f4le Clermont-Limagne\" \/>\n<meta property=\"og:description\" content=\"[vc_row][vc_column][vc_column_text]The SMO Biop\u00f4le Clermont-Limagne brings together the 2 local authorities involved in the sites of the Biopole Clermont-Limagne: Clermont Auvergne M\u00e9tropole (Clermont-Ferrand site), Riom Limagne et Volcans (Saint-Beauzire and Riom sites), as well as the Chamber of Commerce and Industry of Puy-de-Do\u0302me Clermont Auvergne M\u00e9tropole. The SMO is in charge of the real estate assets [&hellip;]\" \/>\n<meta property=\"og:url\" content=\"https:\/\/www.biopole-clermont.com\/en\/syndicat-mixte-ouvert-biopole-clermont-limagne\/\" \/>\n<meta property=\"og:site_name\" content=\"Biop\u00f4le Clermont-Limagne\" \/>\n<meta property=\"article:modified_time\" content=\"2024-09-26T12:53:25+00:00\" \/>\n<meta property=\"og:image\" content=\"https:\/\/www.biopole-clermont.com\/wp-content\/uploads\/2021\/10\/logo-clermont-auvergne-metropole.png\" \/>\n<meta name=\"twitter:card\" content=\"summary_large_image\" \/>\n<meta name=\"twitter:label1\" content=\"Est. reading time\" \/>\n\t<meta name=\"twitter:data1\" content=\"2 minutes\" \/>\n<script type=\"application\/ld+json\" class=\"yoast-schema-graph\">{\"@context\":\"https:\/\/schema.org\",\"@graph\":[{\"@type\":\"WebPage\",\"@id\":\"https:\/\/www.biopole-clermont.com\/en\/syndicat-mixte-ouvert-biopole-clermont-limagne\/\",\"url\":\"https:\/\/www.biopole-clermont.com\/en\/syndicat-mixte-ouvert-biopole-clermont-limagne\/\",\"name\":\"SMO Biop\u00f4le Clermont-Limagne - Unrestricted-Public-Sector Association - Biop\u00f4le Clermont-Limagne\",\"isPartOf\":{\"@id\":\"https:\/\/www.biopole-clermont.com\/en\/#website\"},\"primaryImageOfPage\":{\"@id\":\"https:\/\/www.biopole-clermont.com\/en\/syndicat-mixte-ouvert-biopole-clermont-limagne\/#primaryimage\"},\"image\":{\"@id\":\"https:\/\/www.biopole-clermont.com\/en\/syndicat-mixte-ouvert-biopole-clermont-limagne\/#primaryimage\"},\"thumbnailUrl\":\"https:\/\/www.biopole-clermont.com\/wp-content\/uploads\/2021\/10\/logo-clermont-auvergne-metropole.png\",\"datePublished\":\"2021-12-23T12:58:39+00:00\",\"dateModified\":\"2024-09-26T12:53:25+00:00\",\"breadcrumb\":{\"@id\":\"https:\/\/www.biopole-clermont.com\/en\/syndicat-mixte-ouvert-biopole-clermont-limagne\/#breadcrumb\"},\"inLanguage\":\"en-US\",\"potentialAction\":[{\"@type\":\"ReadAction\",\"target\":[\"https:\/\/www.biopole-clermont.com\/en\/syndicat-mixte-ouvert-biopole-clermont-limagne\/\"]}]},{\"@type\":\"ImageObject\",\"inLanguage\":\"en-US\",\"@id\":\"https:\/\/www.biopole-clermont.com\/en\/syndicat-mixte-ouvert-biopole-clermont-limagne\/#primaryimage\",\"url\":\"https:\/\/www.biopole-clermont.com\/wp-content\/uploads\/2021\/10\/logo-clermont-auvergne-metropole.png\",\"contentUrl\":\"https:\/\/www.biopole-clermont.com\/wp-content\/uploads\/2021\/10\/logo-clermont-auvergne-metropole.png\"},{\"@type\":\"BreadcrumbList\",\"@id\":\"https:\/\/www.biopole-clermont.com\/en\/syndicat-mixte-ouvert-biopole-clermont-limagne\/#breadcrumb\",\"itemListElement\":[{\"@type\":\"ListItem\",\"position\":1,\"name\":\"Accueil\",\"item\":\"https:\/\/www.biopole-clermont.com\/en\/\"},{\"@type\":\"ListItem\",\"position\":2,\"name\":\"SMO Biop\u00f4le Clermont-Limagne &#8211; Unrestricted-Public-Sector Association\"}]},{\"@type\":\"WebSite\",\"@id\":\"https:\/\/www.biopole-clermont.com\/en\/#website\",\"url\":\"https:\/\/www.biopole-clermont.com\/en\/\",\"name\":\"Biop\u00f4le Clermont-Limagne\",\"description\":\"Technopole des sciences du vivant\",\"potentialAction\":[{\"@type\":\"SearchAction\",\"target\":{\"@type\":\"EntryPoint\",\"urlTemplate\":\"https:\/\/www.biopole-clermont.com\/en\/?s={search_term_string}\"},\"query-input\":{\"@type\":\"PropertyValueSpecification\",\"valueRequired\":true,\"valueName\":\"search_term_string\"}}],\"inLanguage\":\"en-US\"}]}<\/script>\n<!-- \/ Yoast SEO plugin. -->","yoast_head_json":{"title":"SMO Biop\u00f4le Clermont-Limagne - Unrestricted-Public-Sector Association - Biop\u00f4le Clermont-Limagne","robots":{"index":"index","follow":"follow","max-snippet":"max-snippet:-1","max-image-preview":"max-image-preview:large","max-video-preview":"max-video-preview:-1"},"canonical":"https:\/\/www.biopole-clermont.com\/en\/syndicat-mixte-ouvert-biopole-clermont-limagne\/","og_locale":"en_US","og_type":"article","og_title":"SMO Biop\u00f4le Clermont-Limagne - Unrestricted-Public-Sector Association - Biop\u00f4le Clermont-Limagne","og_description":"[vc_row][vc_column][vc_column_text]The SMO Biop\u00f4le Clermont-Limagne brings together the 2 local authorities involved in the sites of the Biopole Clermont-Limagne: Clermont Auvergne M\u00e9tropole (Clermont-Ferrand site), Riom Limagne et Volcans (Saint-Beauzire and Riom sites), as well as the Chamber of Commerce and Industry of Puy-de-Do\u0302me Clermont Auvergne M\u00e9tropole. The SMO is in charge of the real estate assets [&hellip;]","og_url":"https:\/\/www.biopole-clermont.com\/en\/syndicat-mixte-ouvert-biopole-clermont-limagne\/","og_site_name":"Biop\u00f4le Clermont-Limagne","article_modified_time":"2024-09-26T12:53:25+00:00","og_image":[{"url":"https:\/\/www.biopole-clermont.com\/wp-content\/uploads\/2021\/10\/logo-clermont-auvergne-metropole.png","type":"","width":"","height":""}],"twitter_card":"summary_large_image","twitter_misc":{"Est. reading time":"2 minutes"},"schema":{"@context":"https:\/\/schema.org","@graph":[{"@type":"WebPage","@id":"https:\/\/www.biopole-clermont.com\/en\/syndicat-mixte-ouvert-biopole-clermont-limagne\/","url":"https:\/\/www.biopole-clermont.com\/en\/syndicat-mixte-ouvert-biopole-clermont-limagne\/","name":"SMO Biop\u00f4le Clermont-Limagne - Unrestricted-Public-Sector Association - Biop\u00f4le Clermont-Limagne","isPartOf":{"@id":"https:\/\/www.biopole-clermont.com\/en\/#website"},"primaryImageOfPage":{"@id":"https:\/\/www.biopole-clermont.com\/en\/syndicat-mixte-ouvert-biopole-clermont-limagne\/#primaryimage"},"image":{"@id":"https:\/\/www.biopole-clermont.com\/en\/syndicat-mixte-ouvert-biopole-clermont-limagne\/#primaryimage"},"thumbnailUrl":"https:\/\/www.biopole-clermont.com\/wp-content\/uploads\/2021\/10\/logo-clermont-auvergne-metropole.png","datePublished":"2021-12-23T12:58:39+00:00","dateModified":"2024-09-26T12:53:25+00:00","breadcrumb":{"@id":"https:\/\/www.biopole-clermont.com\/en\/syndicat-mixte-ouvert-biopole-clermont-limagne\/#breadcrumb"},"inLanguage":"en-US","potentialAction":[{"@type":"ReadAction","target":["https:\/\/www.biopole-clermont.com\/en\/syndicat-mixte-ouvert-biopole-clermont-limagne\/"]}]},{"@type":"ImageObject","inLanguage":"en-US","@id":"https:\/\/www.biopole-clermont.com\/en\/syndicat-mixte-ouvert-biopole-clermont-limagne\/#primaryimage","url":"https:\/\/www.biopole-clermont.com\/wp-content\/uploads\/2021\/10\/logo-clermont-auvergne-metropole.png","contentUrl":"https:\/\/www.biopole-clermont.com\/wp-content\/uploads\/2021\/10\/logo-clermont-auvergne-metropole.png"},{"@type":"BreadcrumbList","@id":"https:\/\/www.biopole-clermont.com\/en\/syndicat-mixte-ouvert-biopole-clermont-limagne\/#breadcrumb","itemListElement":[{"@type":"ListItem","position":1,"name":"Accueil","item":"https:\/\/www.biopole-clermont.com\/en\/"},{"@type":"ListItem","position":2,"name":"SMO Biop\u00f4le Clermont-Limagne &#8211; Unrestricted-Public-Sector Association"}]},{"@type":"WebSite","@id":"https:\/\/www.biopole-clermont.com\/en\/#website","url":"https:\/\/www.biopole-clermont.com\/en\/","name":"Biop\u00f4le Clermont-Limagne","description":"Technopole des sciences du vivant","potentialAction":[{"@type":"SearchAction","target":{"@type":"EntryPoint","urlTemplate":"https:\/\/www.biopole-clermont.com\/en\/?s={search_term_string}"},"query-input":{"@type":"PropertyValueSpecification","valueRequired":true,"valueName":"search_term_string"}}],"inLanguage":"en-US"}]}},"_links":{"self":[{"href":"https:\/\/www.biopole-clermont.com\/en\/wp-json\/wp\/v2\/pages\/2580","targetHints":{"allow":["GET"]}}],"collection":[{"href":"https:\/\/www.biopole-clermont.com\/en\/wp-json\/wp\/v2\/pages"}],"about":[{"href":"https:\/\/www.biopole-clermont.com\/en\/wp-json\/wp\/v2\/types\/page"}],"author":[{"embeddable":true,"href":"https:\/\/www.biopole-clermont.com\/en\/wp-json\/wp\/v2\/users\/1"}],"replies":[{"embeddable":true,"href":"https:\/\/www.biopole-clermont.com\/en\/wp-json\/wp\/v2\/comments?post=2580"}],"version-history":[{"count":11,"href":"https:\/\/www.biopole-clermont.com\/en\/wp-json\/wp\/v2\/pages\/2580\/revisions"}],"predecessor-version":[{"id":5042,"href":"https:\/\/www.biopole-clermont.com\/en\/wp-json\/wp\/v2\/pages\/2580\/revisions\/5042"}],"wp:attachment":[{"href":"https:\/\/www.biopole-clermont.com\/en\/wp-json\/wp\/v2\/media?parent=2580"}],"curies":[{"name":"wp","href":"https:\/\/api.w.org\/{rel}","templated":true}]}}