{"id":2339,"date":"2021-10-13T18:00:22","date_gmt":"2021-10-13T16:00:22","guid":{"rendered":"https:\/\/www.biopole-clermont.com\/presse\/"},"modified":"2022-02-10T10:29:02","modified_gmt":"2022-02-10T09:29:02","slug":"presse","status":"publish","type":"page","link":"https:\/\/www.biopole-clermont.com\/en\/presse\/","title":{"rendered":"Media"},"content":{"rendered":"<div class=\"wpb-content-wrapper\"><p>[vc_row][vc_column][vc_column_text el_class=&#8221;intro&#8221;]<\/p>\n<h2>Press releases<\/h2>\n<p>[\/vc_column_text][vc_column_text el_class=&#8221;intro&#8221;]Download the press releases on SMO Biop\u00f4le Clermont-Limagne and its members.[\/vc_column_text]      <script type=\"text\/javascript\">\n\t\t\t\tif(rech_datas===undefined)\n\t\t\t\t\tvar rech_datas = [];\n\t\t\t\trech_datas.push({\n\t\t\t\t\tparams: null,\n\t\t\t\t\t\/\/start \u00e0 2 car la premi\u00e8re recherche est lanc\u00e9 via php\n\t\t\t\t\tpage: 2,\n\t\t\t\t\t\/\/d\u00e9claration de la pagination manuelle (param)\n\t\t\t\t\tdisable_infinite_scroll: false,\n\t\t\t\t\t\/\/d\u00e9claration de la pagination manuelle (param)\n\t\t\t\t\tis_pagination: false,\n\t\t\t\t\t\/\/d\u00e9claration des cat\u00e9gories auto-filtrantes (param)\n\t\t\t\t\tdynamic_filters: false,\n\t\t\t\t\t\/\/bouton d'affichage\/suppression des filtres en cours\n\t\t\t\t\tsuppress_filters: false,\n\t\t\t\t\t\/\/relance directement la recharge sur chaque modification de filtre\n\t\t\t\t\tsearch_on_change: false,\n\t\t\t\t\t\/\/d\u00e9claration du chargement ou non de la map (param)\n\t\t\t\t\tload_map: false,\n\t\t\t\t\t\/\/recherche interactive avec la map ou non (param)\n\t\t\t\t\tinteractive_map: false,\n\t\t\t\t\t\/\/si fin de pagination atteinte d\u00e9sactive le chargement des prochains r\u00e9sultats\n\t\t\t\t\tinfinite_load: false,\n\t\t\t\t\t\/\/ouverture des r\u00e9sultats en popup\n\t\t\t\t\tpopup: false,\n\t\t\t\t\t\/\/variables de map osm\n\t\t\t\t\trcp_map: null,\n\t\t\t\t\trcp_markers: [],\n\t\t\t\t\trcp_bounds: null,\n\t\t\t\t\trcp_markerc: null,\n\t\t\t\t\tmarkers_pile: []\n\t\t\t\t});\n      <\/script>\n      <br \/>\n<b>Warning<\/b>:  include(\/home\/biopole-cl\/www\/wp-content\/plugins\/scopika_moteur_recherche\/templates\/template-rech-.php): failed to open stream: No such file or directory in <b>\/home\/biopole-cl\/www\/wp-content\/plugins\/scopika_moteur_recherche\/scopika_moteur_recherche.php<\/b> on line <b>389<\/b><br \/>\n<br \/>\n<b>Warning<\/b>:  include(): Failed opening '\/home\/biopole-cl\/www\/wp-content\/plugins\/scopika_moteur_recherche\/templates\/template-rech-.php' for inclusion (include_path='.:') in <b>\/home\/biopole-cl\/www\/wp-content\/plugins\/scopika_moteur_recherche\/scopika_moteur_recherche.php<\/b> on line <b>389<\/b><br \/>\n<div id=\"rech_loader\" class=\"overlay\"><div class=\"spinner\"><\/div><\/div>[\/vc_column][\/vc_row]<\/p>\n<\/div>","protected":false},"excerpt":{"rendered":"<p>[vc_row][vc_column][vc_column_text el_class=&#8221;intro&#8221;] Press releases [\/vc_column_text][vc_column_text el_class=&#8221;intro&#8221;]Download the press releases on SMO Biop\u00f4le Clermont-Limagne and its members.[\/vc_column_text][\/vc_column][\/vc_row]<\/p>\n","protected":false},"author":1,"featured_media":0,"parent":0,"menu_order":0,"comment_status":"closed","ping_status":"closed","template":"","meta":{"_acf_changed":false,"footnotes":""},"class_list":["post-2339","page","type-page","status-publish","hentry"],"acf":[],"yoast_head":"<!-- This site is optimized with the Yoast SEO plugin v27.2 - https:\/\/yoast.com\/product\/yoast-seo-wordpress\/ -->\n<title>Media - Biop\u00f4le Clermont-Limagne<\/title>\n<meta name=\"robots\" content=\"index, follow, max-snippet:-1, max-image-preview:large, max-video-preview:-1\" \/>\n<link rel=\"canonical\" href=\"https:\/\/www.biopole-clermont.com\/en\/presse\/\" \/>\n<meta property=\"og:locale\" content=\"en_US\" \/>\n<meta property=\"og:type\" content=\"article\" \/>\n<meta property=\"og:title\" content=\"Media - Biop\u00f4le Clermont-Limagne\" \/>\n<meta property=\"og:description\" content=\"[vc_row][vc_column][vc_column_text el_class=&#8221;intro&#8221;] Press releases [\/vc_column_text][vc_column_text el_class=&#8221;intro&#8221;]Download the press releases on SMO Biop\u00f4le Clermont-Limagne and its members.[\/vc_column_text][\/vc_column][\/vc_row]\" \/>\n<meta property=\"og:url\" content=\"https:\/\/www.biopole-clermont.com\/en\/presse\/\" \/>\n<meta property=\"og:site_name\" content=\"Biop\u00f4le Clermont-Limagne\" \/>\n<meta property=\"article:modified_time\" content=\"2022-02-10T09:29:02+00:00\" \/>\n<meta name=\"twitter:card\" content=\"summary_large_image\" \/>\n<meta name=\"twitter:label1\" content=\"Est. reading time\" \/>\n\t<meta name=\"twitter:data1\" content=\"1 minute\" \/>\n<script type=\"application\/ld+json\" class=\"yoast-schema-graph\">{\"@context\":\"https:\/\/schema.org\",\"@graph\":[{\"@type\":\"WebPage\",\"@id\":\"https:\/\/www.biopole-clermont.com\/en\/presse\/\",\"url\":\"https:\/\/www.biopole-clermont.com\/en\/presse\/\",\"name\":\"Media - Biop\u00f4le Clermont-Limagne\",\"isPartOf\":{\"@id\":\"https:\/\/www.biopole-clermont.com\/en\/#website\"},\"datePublished\":\"2021-10-13T16:00:22+00:00\",\"dateModified\":\"2022-02-10T09:29:02+00:00\",\"breadcrumb\":{\"@id\":\"https:\/\/www.biopole-clermont.com\/en\/presse\/#breadcrumb\"},\"inLanguage\":\"en-US\",\"potentialAction\":[{\"@type\":\"ReadAction\",\"target\":[\"https:\/\/www.biopole-clermont.com\/en\/presse\/\"]}]},{\"@type\":\"BreadcrumbList\",\"@id\":\"https:\/\/www.biopole-clermont.com\/en\/presse\/#breadcrumb\",\"itemListElement\":[{\"@type\":\"ListItem\",\"position\":1,\"name\":\"Accueil\",\"item\":\"https:\/\/www.biopole-clermont.com\/en\/\"},{\"@type\":\"ListItem\",\"position\":2,\"name\":\"Media\"}]},{\"@type\":\"WebSite\",\"@id\":\"https:\/\/www.biopole-clermont.com\/en\/#website\",\"url\":\"https:\/\/www.biopole-clermont.com\/en\/\",\"name\":\"Biop\u00f4le Clermont-Limagne\",\"description\":\"Technopole des sciences du vivant\",\"potentialAction\":[{\"@type\":\"SearchAction\",\"target\":{\"@type\":\"EntryPoint\",\"urlTemplate\":\"https:\/\/www.biopole-clermont.com\/en\/?s={search_term_string}\"},\"query-input\":{\"@type\":\"PropertyValueSpecification\",\"valueRequired\":true,\"valueName\":\"search_term_string\"}}],\"inLanguage\":\"en-US\"}]}<\/script>\n<!-- \/ Yoast SEO plugin. -->","yoast_head_json":{"title":"Media - Biop\u00f4le Clermont-Limagne","robots":{"index":"index","follow":"follow","max-snippet":"max-snippet:-1","max-image-preview":"max-image-preview:large","max-video-preview":"max-video-preview:-1"},"canonical":"https:\/\/www.biopole-clermont.com\/en\/presse\/","og_locale":"en_US","og_type":"article","og_title":"Media - Biop\u00f4le Clermont-Limagne","og_description":"[vc_row][vc_column][vc_column_text el_class=&#8221;intro&#8221;] Press releases [\/vc_column_text][vc_column_text el_class=&#8221;intro&#8221;]Download the press releases on SMO Biop\u00f4le Clermont-Limagne and its members.[\/vc_column_text][\/vc_column][\/vc_row]","og_url":"https:\/\/www.biopole-clermont.com\/en\/presse\/","og_site_name":"Biop\u00f4le Clermont-Limagne","article_modified_time":"2022-02-10T09:29:02+00:00","twitter_card":"summary_large_image","twitter_misc":{"Est. reading time":"1 minute"},"schema":{"@context":"https:\/\/schema.org","@graph":[{"@type":"WebPage","@id":"https:\/\/www.biopole-clermont.com\/en\/presse\/","url":"https:\/\/www.biopole-clermont.com\/en\/presse\/","name":"Media - Biop\u00f4le Clermont-Limagne","isPartOf":{"@id":"https:\/\/www.biopole-clermont.com\/en\/#website"},"datePublished":"2021-10-13T16:00:22+00:00","dateModified":"2022-02-10T09:29:02+00:00","breadcrumb":{"@id":"https:\/\/www.biopole-clermont.com\/en\/presse\/#breadcrumb"},"inLanguage":"en-US","potentialAction":[{"@type":"ReadAction","target":["https:\/\/www.biopole-clermont.com\/en\/presse\/"]}]},{"@type":"BreadcrumbList","@id":"https:\/\/www.biopole-clermont.com\/en\/presse\/#breadcrumb","itemListElement":[{"@type":"ListItem","position":1,"name":"Accueil","item":"https:\/\/www.biopole-clermont.com\/en\/"},{"@type":"ListItem","position":2,"name":"Media"}]},{"@type":"WebSite","@id":"https:\/\/www.biopole-clermont.com\/en\/#website","url":"https:\/\/www.biopole-clermont.com\/en\/","name":"Biop\u00f4le Clermont-Limagne","description":"Technopole des sciences du vivant","potentialAction":[{"@type":"SearchAction","target":{"@type":"EntryPoint","urlTemplate":"https:\/\/www.biopole-clermont.com\/en\/?s={search_term_string}"},"query-input":{"@type":"PropertyValueSpecification","valueRequired":true,"valueName":"search_term_string"}}],"inLanguage":"en-US"}]}},"_links":{"self":[{"href":"https:\/\/www.biopole-clermont.com\/en\/wp-json\/wp\/v2\/pages\/2339","targetHints":{"allow":["GET"]}}],"collection":[{"href":"https:\/\/www.biopole-clermont.com\/en\/wp-json\/wp\/v2\/pages"}],"about":[{"href":"https:\/\/www.biopole-clermont.com\/en\/wp-json\/wp\/v2\/types\/page"}],"author":[{"embeddable":true,"href":"https:\/\/www.biopole-clermont.com\/en\/wp-json\/wp\/v2\/users\/1"}],"replies":[{"embeddable":true,"href":"https:\/\/www.biopole-clermont.com\/en\/wp-json\/wp\/v2\/comments?post=2339"}],"version-history":[{"count":3,"href":"https:\/\/www.biopole-clermont.com\/en\/wp-json\/wp\/v2\/pages\/2339\/revisions"}],"predecessor-version":[{"id":2569,"href":"https:\/\/www.biopole-clermont.com\/en\/wp-json\/wp\/v2\/pages\/2339\/revisions\/2569"}],"wp:attachment":[{"href":"https:\/\/www.biopole-clermont.com\/en\/wp-json\/wp\/v2\/media?parent=2339"}],"curies":[{"name":"wp","href":"https:\/\/api.w.org\/{rel}","templated":true}]}}